{"id":12505,"date":"2026-05-11T11:35:40","date_gmt":"2026-05-11T15:35:40","guid":{"rendered":"https:\/\/tipiti.biz\/site\/?page_id=12505"},"modified":"2026-05-11T13:46:19","modified_gmt":"2026-05-11T17:46:19","slug":"kerl-petion","status":"publish","type":"page","link":"https:\/\/tipiti.biz\/site\/kerl-petion\/","title":{"rendered":"Kerl P\u00e9tion"},"content":{"rendered":"\n<div class=\"tipiti-profile-section\">\n    <style>\n        \/* On limite les styles uniquement \u00e0 ce qui est dans .tipiti-profile-section *\/\n        .tipiti-profile-section {\n            background: #ffffff;\n            padding: 40px 20px;\n            width: 100%;\n            font-family: 'Inter', -apple-system, BlinkMacSystemFont, sans-serif;\n        }\n\n        .tipiti-profile-container {\n            max-width: 1100px;\n            margin: auto;\n        }\n\n        .tipiti-profile-section h3 {\n            font-size: 28px !important;\n            margin-bottom: 20px !important;\n            color: #0284c7 !important;\n            text-transform: uppercase !important;\n            letter-spacing: -0.5px !important;\n            border-bottom: 2px solid #f1f5f9 !important;\n            padding-bottom: 10px !important;\n            font-weight: 600 !important;\n            background: none !important;\n        }\n\n        .tipiti-profile-section p {\n            font-size: 18px !important;\n            line-height: 1.8 !important;\n            color: #334155 !important;\n            margin-bottom: 1.5em !important;\n            background: none !important;\n        }\n\n        .tipiti-hero {\n            display: grid;\n            grid-template-columns: 1fr 1fr;\n            gap: 40px;\n            align-items: center;\n            margin-bottom: 60px;\n        }\n\n        .tipiti-hero-image img {\n            width: 100%;\n            height: 500px;\n            object-fit: cover;\n            box-shadow: 15px 15px 0px #f1f5f9;\n            border: 1px solid #e2e8f0;\n        }\n\n        .tipiti-text-block {\n            margin-bottom: 40px;\n            padding: 30px;\n            background: #f8fafc;\n        }\n\n        .tipiti-gallery {\n            display: grid;\n            grid-template-columns: 1fr 1fr;\n            gap: 20px;\n            margin: 40px 0 60px 0;\n        }\n\n        .tipiti-gallery img {\n            width: 100%;\n            height: 400px;\n            object-fit: cover;\n            border: 1px solid #e2e8f0;\n        }\n\n        .tipiti-highlight {\n            background: #0f172a;\n            padding: 50px 40px;\n            color: #ffffff;\n        }\n\n        .tipiti-highlight p {\n            color: #cbd5e1 !important;\n            font-size: 20px !important;\n            max-width: 900px;\n            margin-bottom: 0 !important;\n        }\n\n        @media (max-width: 800px) {\n            .tipiti-hero, .tipiti-gallery { grid-template-columns: 1fr; }\n            .tipiti-hero-image { order: -1; }\n            .tipiti-hero-image img, .tipiti-gallery img { height: 350px; }\n        }\n    <\/style>\n\n    <div class=\"tipiti-profile-container\">\n\n        <div class=\"tipiti-hero\">\n            <div class=\"tipiti-text\">\n                <p>\n                    Si notre station s\u2019appelle aujourd\u2019hui <strong>Radyo Tipiti<\/strong>, c\u2019est avant tout pour rendre hommage \u00e0 un homme qui a profond\u00e9ment marqu\u00e9 la culture populaire ha\u00eftienne : <strong>Kerl P\u00e9tion<\/strong>.\n                    <br><br>\n                    Apr\u00e8s la perte de la fr\u00e9quence hertzienne de <strong>Tipiti FM<\/strong>, la radio de Kerl P\u00e9tion, une promesse lui avait \u00e9t\u00e9 faite : le nom de Tipiti ne dispara\u00eetra pas.\n                    <br><br>\n                    L&#8217;existence de cette webradio est donc devenue bien plus qu\u2019un projet m\u00e9diatique. Elle est la continuit\u00e9 d\u2019un h\u00e9ritage, d\u2019un esprit libre et d\u2019une cr\u00e9ativit\u00e9 hors du commun.\n                <\/p>\n            <\/div>\n            <div class=\"tipiti-hero-image\">\n                <img decoding=\"async\" src=\"https:\/\/i0.wp.com\/tipiti.biz\/site\/wp-content\/uploads\/2026\/05\/KerlPetion_01V.jpg?ssl=1\" alt=\"Kerl P\u00e9tion\" data-recalc-dims=\"1\">\n            <\/div>\n        <\/div>\n\n        <div class=\"tipiti-text-block\">\n            <h3>L&#8217;inspiration de D.P. Express<\/h3>\n            <p>\n                Peu de gens savent que Kerl a jou\u00e9 un r\u00f4le d\u00e9terminant dans l&#8217;identit\u00e9 du mythique groupe <strong>D.P. Express<\/strong>. \n                <br><br>\n                Lorsque Henry Celestin d\u00e9cida de ne plus continuer avec <em>Les Difficiles de P\u00e9tion-Ville<\/em> et en interdit l&#8217;utilisation du nom, Kerl, tr\u00e8s proche des musiciens, leur sugg\u00e9ra le nom <strong>D.P. Express<\/strong>. \n                <br><br>\n                Il s&#8217;agissait d&#8217;utiliser les initiales (D.P.) pour rappeler leur origine tout en ajoutant &#8220;Express&#8221; pour que cela sonne comme le <em>B.T. Express<\/em>, un groupe extr\u00eamement populaire aux \u00c9tats-Unis \u00e0 cette \u00e9poque.\n            <\/p>\n        <\/div>\n\n\n\n<div class=\"tipiti-text-block\">\n    <h3>L\u2019architecte du Tandem des Cracks<\/h3>\n    <p>\n        Kerl a aussi \u00e9t\u00e9 l&#8217;initiateur de l\u2019une des activit\u00e9s les plus pris\u00e9es de l\u2019\u00e2ge d\u2019or des kermesses musicales en Ha\u00efti : <strong>le Tandem des Cracks<\/strong>.\n    <\/p>\n    <\/div>\n\n\n\n        <div class=\"tipiti-text-block\">\n            <h3>L\u2019Innovation par le d\u00e9tail<\/h3>\n            <p>\n                On lui doit l&#8217;introduction des petits calendriers de pronostics lors des grands rendez-vous sportifs comme la Coupe du Monde, ou encore ces guirlandes romantiques d\u00e9clinant le message \u00ab Je t&#8217;aime \u00bb dans toutes les langues du monde.\n                <br><br>\n                Kerl \u00e9tait un artiste qui habitait son propre monde, refusant les conventions au profit de l&#8217;efficacit\u00e9 et de la po\u00e9sie. On se souviendra de son sens pratique d\u00e9routant \u2014 comme cette voiture dont il ne gardait que le si\u00e8ge conducteur pour transformer l\u2019habitacle en espace de transport \u2014 ou de son anecdote l\u00e9gendaire lors d&#8217;un voyage \u00e0 New York, o\u00f9 il emporta une bo\u00eete d&#8217;allumettes contenant quelques fourmis, simplement parce qu&#8217;il trouvait que la m\u00e9tropole en manquait cruellement.\n            <\/p>\n        <\/div>\n\n        <div class=\"tipiti-gallery\">\n            <img decoding=\"async\" src=\"https:\/\/i0.wp.com\/tipiti.biz\/site\/wp-content\/uploads\/2026\/05\/KerlPetion_02V.jpg?ssl=1\" alt=\"H\u00e9ritage Kerl P\u00e9tion\" data-recalc-dims=\"1\">\n            <img decoding=\"async\" src=\"https:\/\/i0.wp.com\/tipiti.biz\/site\/wp-content\/uploads\/2026\/05\/KerlPetion_03V.jpg?ssl=1\" alt=\"Esprit Radyo Tipiti\" data-recalc-dims=\"1\">\n        <\/div>\n\n        <div class=\"tipiti-highlight\">\n            <p>\n                Aujourd\u2019hui, Radyo Tipiti perp\u00e9tue l\u2019audace et l\u2019anticonformisme de Kerl P\u00e9tion. \n                Chaque \u00e9mission et chaque voix \u00e0 l\u2019antenne participent \u00e0 faire vivre l\u2019esprit d\u2019un homme qui a su colorer le quotidien des Ayitiens.\n                <br><br>\n                <strong>\u00c9couter Radyo Tipiti, <br \/> c\u2019est continuer l\u2019aventure de Kerl P\u00e9tion.<\/strong>\n            <\/p>\n        <\/div>\n\n    <\/div>\n<\/div>\n","protected":false},"excerpt":{"rendered":"<p>Si notre station s\u2019appelle aujourd\u2019hui Radyo Tipiti, c\u2019est avant tout pour rendre hommage \u00e0 un&#8230;<\/p>\n<div class=\"more-link-wrapper\"><a class=\"more-link\" href=\"https:\/\/tipiti.biz\/site\/kerl-petion\/\">Read the post<span class=\"screen-reader-text\">Kerl P\u00e9tion<\/span><\/a><\/div>\n","protected":false},"author":1,"featured_media":0,"parent":0,"menu_order":0,"comment_status":"closed","ping_status":"closed","template":"","meta":{"spay_email":"","footnotes":""},"class_list":["post-12505","page","type-page","status-publish","hentry","excerpt","zoom","full-without-featured","even","excerpt-0"],"yoast_head":"<!-- This site is optimized with the Yoast SEO plugin v19.12 - https:\/\/yoast.com\/wordpress\/plugins\/seo\/ -->\n<title>Kerl P\u00e9tion - Tipiti<\/title>\n<meta name=\"robots\" content=\"index, follow, max-snippet:-1, max-image-preview:large, max-video-preview:-1\" \/>\n<link rel=\"canonical\" href=\"https:\/\/tipiti.biz\/site\/kerl-petion\/\" \/>\n<meta property=\"og:locale\" content=\"fr_FR\" \/>\n<meta property=\"og:type\" content=\"article\" \/>\n<meta property=\"og:title\" content=\"Kerl P\u00e9tion - Tipiti\" \/>\n<meta property=\"og:description\" content=\"Si notre station s\u2019appelle aujourd\u2019hui Radyo Tipiti, c\u2019est avant tout pour rendre hommage \u00e0 un&#8230;\" \/>\n<meta property=\"og:url\" content=\"https:\/\/tipiti.biz\/site\/kerl-petion\/\" \/>\n<meta property=\"og:site_name\" content=\"Tipiti\" \/>\n<meta property=\"article:publisher\" content=\"https:\/\/www.facebook.com\/Tipiti.biz\" \/>\n<meta property=\"article:modified_time\" content=\"2026-05-11T17:46:19+00:00\" \/>\n<meta property=\"og:image\" content=\"https:\/\/tipiti.biz\/site\/wp-content\/uploads\/2026\/05\/KerlPetion_01V.jpg\" \/>\n<meta name=\"twitter:card\" content=\"summary_large_image\" \/>\n<meta name=\"twitter:site\" content=\"@Tipitibiz\" \/>\n<meta name=\"twitter:label1\" content=\"Dur\u00e9e de lecture estim\u00e9e\" \/>\n\t<meta name=\"twitter:data1\" content=\"4 minutes\" \/>\n<script type=\"application\/ld+json\" class=\"yoast-schema-graph\">{\"@context\":\"https:\/\/schema.org\",\"@graph\":[{\"@type\":\"WebPage\",\"@id\":\"https:\/\/tipiti.biz\/site\/kerl-petion\/\",\"url\":\"https:\/\/tipiti.biz\/site\/kerl-petion\/\",\"name\":\"Kerl P\u00e9tion - Tipiti\",\"isPartOf\":{\"@id\":\"https:\/\/tipiti.biz\/site\/#website\"},\"datePublished\":\"2026-05-11T15:35:40+00:00\",\"dateModified\":\"2026-05-11T17:46:19+00:00\",\"breadcrumb\":{\"@id\":\"https:\/\/tipiti.biz\/site\/kerl-petion\/#breadcrumb\"},\"inLanguage\":\"fr-FR\",\"potentialAction\":[{\"@type\":\"ReadAction\",\"target\":[\"https:\/\/tipiti.biz\/site\/kerl-petion\/\"]}]},{\"@type\":\"BreadcrumbList\",\"@id\":\"https:\/\/tipiti.biz\/site\/kerl-petion\/#breadcrumb\",\"itemListElement\":[{\"@type\":\"ListItem\",\"position\":1,\"name\":\"Accueil\",\"item\":\"https:\/\/tipiti.biz\/site\/\"},{\"@type\":\"ListItem\",\"position\":2,\"name\":\"Kerl P\u00e9tion\"}]},{\"@type\":\"WebSite\",\"@id\":\"https:\/\/tipiti.biz\/site\/#website\",\"url\":\"https:\/\/tipiti.biz\/site\/\",\"name\":\"Tipiti\",\"description\":\"Ayiti Cheri - Konsa nou ye!\",\"publisher\":{\"@id\":\"https:\/\/tipiti.biz\/site\/#organization\"},\"potentialAction\":[{\"@type\":\"SearchAction\",\"target\":{\"@type\":\"EntryPoint\",\"urlTemplate\":\"https:\/\/tipiti.biz\/site\/?s={search_term_string}\"},\"query-input\":\"required name=search_term_string\"}],\"inLanguage\":\"fr-FR\"},{\"@type\":\"Organization\",\"@id\":\"https:\/\/tipiti.biz\/site\/#organization\",\"name\":\"Tipiti\",\"url\":\"https:\/\/tipiti.biz\/site\/\",\"logo\":{\"@type\":\"ImageObject\",\"inLanguage\":\"fr-FR\",\"@id\":\"https:\/\/tipiti.biz\/site\/#\/schema\/logo\/image\/\",\"url\":\"https:\/\/i0.wp.com\/tipiti.biz\/site\/wp-content\/uploads\/2022\/12\/logoTipiti.jpeg?fit=1080%2C1080&ssl=1\",\"contentUrl\":\"https:\/\/i0.wp.com\/tipiti.biz\/site\/wp-content\/uploads\/2022\/12\/logoTipiti.jpeg?fit=1080%2C1080&ssl=1\",\"width\":1080,\"height\":1080,\"caption\":\"Tipiti\"},\"image\":{\"@id\":\"https:\/\/tipiti.biz\/site\/#\/schema\/logo\/image\/\"},\"sameAs\":[\"https:\/\/www.instagram.com\/tipitibiz\",\"https:\/\/www.youtube.com\/c\/TipitiBiz\",\"https:\/\/www.facebook.com\/Tipiti.biz\",\"https:\/\/twitter.com\/Tipitibiz\"]}]}<\/script>\n<!-- \/ Yoast SEO plugin. -->","yoast_head_json":{"title":"Kerl P\u00e9tion - Tipiti","robots":{"index":"index","follow":"follow","max-snippet":"max-snippet:-1","max-image-preview":"max-image-preview:large","max-video-preview":"max-video-preview:-1"},"canonical":"https:\/\/tipiti.biz\/site\/kerl-petion\/","og_locale":"fr_FR","og_type":"article","og_title":"Kerl P\u00e9tion - Tipiti","og_description":"Si notre station s\u2019appelle aujourd\u2019hui Radyo Tipiti, c\u2019est avant tout pour rendre hommage \u00e0 un&#8230;","og_url":"https:\/\/tipiti.biz\/site\/kerl-petion\/","og_site_name":"Tipiti","article_publisher":"https:\/\/www.facebook.com\/Tipiti.biz","article_modified_time":"2026-05-11T17:46:19+00:00","og_image":[{"url":"https:\/\/tipiti.biz\/site\/wp-content\/uploads\/2026\/05\/KerlPetion_01V.jpg"}],"twitter_card":"summary_large_image","twitter_site":"@Tipitibiz","twitter_misc":{"Dur\u00e9e de lecture estim\u00e9e":"4 minutes"},"schema":{"@context":"https:\/\/schema.org","@graph":[{"@type":"WebPage","@id":"https:\/\/tipiti.biz\/site\/kerl-petion\/","url":"https:\/\/tipiti.biz\/site\/kerl-petion\/","name":"Kerl P\u00e9tion - Tipiti","isPartOf":{"@id":"https:\/\/tipiti.biz\/site\/#website"},"datePublished":"2026-05-11T15:35:40+00:00","dateModified":"2026-05-11T17:46:19+00:00","breadcrumb":{"@id":"https:\/\/tipiti.biz\/site\/kerl-petion\/#breadcrumb"},"inLanguage":"fr-FR","potentialAction":[{"@type":"ReadAction","target":["https:\/\/tipiti.biz\/site\/kerl-petion\/"]}]},{"@type":"BreadcrumbList","@id":"https:\/\/tipiti.biz\/site\/kerl-petion\/#breadcrumb","itemListElement":[{"@type":"ListItem","position":1,"name":"Accueil","item":"https:\/\/tipiti.biz\/site\/"},{"@type":"ListItem","position":2,"name":"Kerl P\u00e9tion"}]},{"@type":"WebSite","@id":"https:\/\/tipiti.biz\/site\/#website","url":"https:\/\/tipiti.biz\/site\/","name":"Tipiti","description":"Ayiti Cheri - Konsa nou ye!","publisher":{"@id":"https:\/\/tipiti.biz\/site\/#organization"},"potentialAction":[{"@type":"SearchAction","target":{"@type":"EntryPoint","urlTemplate":"https:\/\/tipiti.biz\/site\/?s={search_term_string}"},"query-input":"required name=search_term_string"}],"inLanguage":"fr-FR"},{"@type":"Organization","@id":"https:\/\/tipiti.biz\/site\/#organization","name":"Tipiti","url":"https:\/\/tipiti.biz\/site\/","logo":{"@type":"ImageObject","inLanguage":"fr-FR","@id":"https:\/\/tipiti.biz\/site\/#\/schema\/logo\/image\/","url":"https:\/\/i0.wp.com\/tipiti.biz\/site\/wp-content\/uploads\/2022\/12\/logoTipiti.jpeg?fit=1080%2C1080&ssl=1","contentUrl":"https:\/\/i0.wp.com\/tipiti.biz\/site\/wp-content\/uploads\/2022\/12\/logoTipiti.jpeg?fit=1080%2C1080&ssl=1","width":1080,"height":1080,"caption":"Tipiti"},"image":{"@id":"https:\/\/tipiti.biz\/site\/#\/schema\/logo\/image\/"},"sameAs":["https:\/\/www.instagram.com\/tipitibiz","https:\/\/www.youtube.com\/c\/TipitiBiz","https:\/\/www.facebook.com\/Tipiti.biz","https:\/\/twitter.com\/Tipitibiz"]}]}},"jetpack_sharing_enabled":true,"jetpack_shortlink":"https:\/\/wp.me\/P9O64w-3fH","_links":{"self":[{"href":"https:\/\/tipiti.biz\/site\/wp-json\/wp\/v2\/pages\/12505","targetHints":{"allow":["GET"]}}],"collection":[{"href":"https:\/\/tipiti.biz\/site\/wp-json\/wp\/v2\/pages"}],"about":[{"href":"https:\/\/tipiti.biz\/site\/wp-json\/wp\/v2\/types\/page"}],"author":[{"embeddable":true,"href":"https:\/\/tipiti.biz\/site\/wp-json\/wp\/v2\/users\/1"}],"replies":[{"embeddable":true,"href":"https:\/\/tipiti.biz\/site\/wp-json\/wp\/v2\/comments?post=12505"}],"version-history":[{"count":19,"href":"https:\/\/tipiti.biz\/site\/wp-json\/wp\/v2\/pages\/12505\/revisions"}],"predecessor-version":[{"id":12546,"href":"https:\/\/tipiti.biz\/site\/wp-json\/wp\/v2\/pages\/12505\/revisions\/12546"}],"wp:attachment":[{"href":"https:\/\/tipiti.biz\/site\/wp-json\/wp\/v2\/media?parent=12505"}],"curies":[{"name":"wp","href":"https:\/\/api.w.org\/{rel}","templated":true}]}}